{"id":3325,"date":"2026-05-08T07:56:33","date_gmt":"2026-05-08T07:56:33","guid":{"rendered":"https:\/\/eksjobk.se\/?page_id=3325"},"modified":"2026-05-08T07:56:33","modified_gmt":"2026-05-08T07:56:33","slug":"hundsport-specialsok","status":"publish","type":"page","link":"https:\/\/eksjobk.se\/index.php\/hundsport-specialsok\/","title":{"rendered":"Hundsport &#8211; Specials\u00f6k"},"content":{"rendered":"\n<h2 class=\"wp-block-heading\">Specials\u00f6k<\/h2>\n\n\n\n<p>Specials\u00f6k \u00e4r en hundsport d\u00e4r hunden tr\u00e4nas att s\u00f6ka efter och markera en specifik doft. Sporten bygger p\u00e5 hundens fantastiska luktsinne och p\u00e5 samarbetet mellan hund och f\u00f6rare. Specials\u00f6k passar n\u00e4stan alla hundar och \u00e4r en rolig och utvecklande aktivitet som l\u00e5ter hunden arbeta naturligt med nosen.<\/p>\n\n\n\n<p>Till skillnad fr\u00e5n Nose Work, d\u00e4r alla t\u00e4vlar p\u00e5 samma dofter, anv\u00e4nds inom specials\u00f6k s\u00e4rskilda \u00e4mnen och dofter som kan variera beroende p\u00e5 utbildning eller t\u00e4vlingsuppl\u00e4gg. Sporten har mycket gemensamt med verkligt tj\u00e4nstehundsarbete och liknar det arbete exempelvis r\u00e4ddningshundar och s\u00f6khundar utf\u00f6r.<\/p>\n\n\n\n<p>Specials\u00f6k \u00e4r b\u00e5de mentalt kr\u00e4vande och v\u00e4ldigt stimulerande f\u00f6r hunden, samtidigt som det bygger sj\u00e4lvf\u00f6rtroende, fokus och probleml\u00f6sningsf\u00f6rm\u00e5ga.<\/p>\n\n\n\n<figure class=\"wp-block-image size-large\"><img loading=\"lazy\" decoding=\"async\" width=\"1024\" height=\"6\" src=\"http:\/\/eksjobk.se\/wp-content\/uploads\/2023\/03\/image-38-1024x6.png\" alt=\"\" class=\"wp-image-1504\" srcset=\"https:\/\/eksjobk.se\/wp-content\/uploads\/2023\/03\/image-38-1024x6.png 1024w, https:\/\/eksjobk.se\/wp-content\/uploads\/2023\/03\/image-38-300x2.png 300w, https:\/\/eksjobk.se\/wp-content\/uploads\/2023\/03\/image-38-768x5.png 768w, https:\/\/eksjobk.se\/wp-content\/uploads\/2023\/03\/image-38-850x5.png 850w, https:\/\/eksjobk.se\/wp-content\/uploads\/2023\/03\/image-38.png 1449w\" sizes=\"auto, (max-width: 1024px) 100vw, 1024px\" \/><\/figure>\n\n\n\n<h2 class=\"wp-block-heading\">Hur g\u00e5r det till?<\/h2>\n\n\n\n<p>I specials\u00f6k ska hunden hitta en specifik doft som \u00e4r g\u00f6md i olika milj\u00f6er och markera n\u00e4r den hittar k\u00e4llan.<\/p>\n\n\n\n<p>S\u00f6ken kan ske:<\/p>\n\n\n\n<ul class=\"wp-block-list\">\n<li>inomhus<\/li>\n\n\n\n<li>utomhus<\/li>\n\n\n\n<li>p\u00e5 fordon<\/li>\n\n\n\n<li>i milj\u00f6er med st\u00f6rningar och andra dofter<\/li>\n<\/ul>\n\n\n\n<p>Hunden arbetar ofta sj\u00e4lvst\u00e4ndigt medan f\u00f6raren l\u00e4r sig l\u00e4sa hundens signaler och hj\u00e4lpa till att styra s\u00f6ket p\u00e5 ett bra s\u00e4tt.<\/p>\n\n\n\n<p>Markeringen kan exempelvis vara:<\/p>\n\n\n\n<ul class=\"wp-block-list\">\n<li>sitt<\/li>\n\n\n\n<li>ligg<\/li>\n\n\n\n<li>frysmarkering<\/li>\n\n\n\n<li>nosmarkering<\/li>\n<\/ul>\n\n\n\n<p>M\u00e5let \u00e4r att hunden tydligt och s\u00e4kert ska visa var doftk\u00e4llan finns.<\/p>\n\n\n\n<figure class=\"wp-block-image size-large\"><img loading=\"lazy\" decoding=\"async\" width=\"1024\" height=\"6\" src=\"http:\/\/eksjobk.se\/wp-content\/uploads\/2023\/03\/image-38-1024x6.png\" alt=\"\" class=\"wp-image-1504\" srcset=\"https:\/\/eksjobk.se\/wp-content\/uploads\/2023\/03\/image-38-1024x6.png 1024w, https:\/\/eksjobk.se\/wp-content\/uploads\/2023\/03\/image-38-300x2.png 300w, https:\/\/eksjobk.se\/wp-content\/uploads\/2023\/03\/image-38-768x5.png 768w, https:\/\/eksjobk.se\/wp-content\/uploads\/2023\/03\/image-38-850x5.png 850w, https:\/\/eksjobk.se\/wp-content\/uploads\/2023\/03\/image-38.png 1449w\" sizes=\"auto, (max-width: 1024px) 100vw, 1024px\" \/><\/figure>\n\n\n\n<h2 class=\"wp-block-heading\">T\u00e4vlingsformen<\/h2>\n\n\n\n<p>Specials\u00f6k som sport \u00e4r fortfarande relativt ny och utvecklas hela tiden, men t\u00e4vlingar och prov blir allt vanligare.<\/p>\n\n\n\n<p>Bed\u00f6mningen handlar bland annat om:<\/p>\n\n\n\n<ul class=\"wp-block-list\">\n<li>hundens noggrannhet<\/li>\n\n\n\n<li>s\u00f6karbete<\/li>\n\n\n\n<li>markering<\/li>\n\n\n\n<li>samarbete<\/li>\n\n\n\n<li>effektivitet<\/li>\n\n\n\n<li>f\u00f6rarens hantering<\/li>\n<\/ul>\n\n\n\n<p>S\u00f6ken kan vara tekniskt utmanande och kr\u00e4va att hunden arbetar metodiskt i sv\u00e5ra milj\u00f6er.<\/p>\n\n\n\n<figure class=\"wp-block-image size-large\"><img loading=\"lazy\" decoding=\"async\" width=\"1024\" height=\"6\" src=\"http:\/\/eksjobk.se\/wp-content\/uploads\/2023\/03\/image-38-1024x6.png\" alt=\"\" class=\"wp-image-1504\" srcset=\"https:\/\/eksjobk.se\/wp-content\/uploads\/2023\/03\/image-38-1024x6.png 1024w, https:\/\/eksjobk.se\/wp-content\/uploads\/2023\/03\/image-38-300x2.png 300w, https:\/\/eksjobk.se\/wp-content\/uploads\/2023\/03\/image-38-768x5.png 768w, https:\/\/eksjobk.se\/wp-content\/uploads\/2023\/03\/image-38-850x5.png 850w, https:\/\/eksjobk.se\/wp-content\/uploads\/2023\/03\/image-38.png 1449w\" sizes=\"auto, (max-width: 1024px) 100vw, 1024px\" \/><\/figure>\n\n\n\n<h2 class=\"wp-block-heading\">Vad skiljer specials\u00f6k fr\u00e5n Nose Work?<\/h2>\n\n\n\n<p>B\u00e5de Nose Work och specials\u00f6k bygger p\u00e5 hundens nosarbete, men det finns vissa skillnader.<\/p>\n\n\n\n<h3 class=\"wp-block-heading\">Nose Work<\/h3>\n\n\n\n<ul class=\"wp-block-list\">\n<li>fasta t\u00e4vlingsdofter<\/li>\n\n\n\n<li>fokus p\u00e5 s\u00f6kgl\u00e4dje och sj\u00e4lvst\u00e4ndigt arbete<\/li>\n\n\n\n<li>lugnt och pedagogiskt uppl\u00e4gg<\/li>\n<\/ul>\n\n\n\n<h3 class=\"wp-block-heading\">Specials\u00f6k<\/h3>\n\n\n\n<ul class=\"wp-block-list\">\n<li>mer tj\u00e4nstehundsliknande arbete<\/li>\n\n\n\n<li>varierande dofter och s\u00f6kuppgifter<\/li>\n\n\n\n<li>st\u00f6rre fokus p\u00e5 precision och markering<\/li>\n\n\n\n<li>ofta mer avancerade och realistiska s\u00f6kmilj\u00f6er<\/li>\n<\/ul>\n\n\n\n<p>M\u00e5nga tr\u00e4nar b\u00e5da sporterna eftersom de kompletterar varandra v\u00e4ldigt bra.<\/p>\n","protected":false},"excerpt":{"rendered":"<p>Specials\u00f6k Specials\u00f6k \u00e4r en hundsport d\u00e4r hunden tr\u00e4nas att s\u00f6ka efter och markera en specifik doft. Sporten bygger p\u00e5 hundens fantastiska luktsinne och p\u00e5 samarbetet mellan hund och f\u00f6rare. Specials\u00f6k passar n\u00e4stan alla hundar och \u00e4r en rolig och utvecklande aktivitet som l\u00e5ter hunden arbeta naturligt med nosen. Till skillnad fr\u00e5n Nose Work, d\u00e4r alla&#8230;<\/p>\n","protected":false},"author":1,"featured_media":0,"parent":0,"menu_order":0,"comment_status":"closed","ping_status":"closed","template":"","meta":{"footnotes":""},"class_list":["post-3325","page","type-page","status-publish","hentry"],"_links":{"self":[{"href":"https:\/\/eksjobk.se\/index.php\/wp-json\/wp\/v2\/pages\/3325","targetHints":{"allow":["GET"]}}],"collection":[{"href":"https:\/\/eksjobk.se\/index.php\/wp-json\/wp\/v2\/pages"}],"about":[{"href":"https:\/\/eksjobk.se\/index.php\/wp-json\/wp\/v2\/types\/page"}],"author":[{"embeddable":true,"href":"https:\/\/eksjobk.se\/index.php\/wp-json\/wp\/v2\/users\/1"}],"replies":[{"embeddable":true,"href":"https:\/\/eksjobk.se\/index.php\/wp-json\/wp\/v2\/comments?post=3325"}],"version-history":[{"count":2,"href":"https:\/\/eksjobk.se\/index.php\/wp-json\/wp\/v2\/pages\/3325\/revisions"}],"predecessor-version":[{"id":3330,"href":"https:\/\/eksjobk.se\/index.php\/wp-json\/wp\/v2\/pages\/3325\/revisions\/3330"}],"wp:attachment":[{"href":"https:\/\/eksjobk.se\/index.php\/wp-json\/wp\/v2\/media?parent=3325"}],"curies":[{"name":"wp","href":"https:\/\/api.w.org\/{rel}","templated":true}]}}