{"id":3321,"date":"2026-05-08T07:55:56","date_gmt":"2026-05-08T07:55:56","guid":{"rendered":"https:\/\/eksjobk.se\/?page_id=3321"},"modified":"2026-05-08T07:55:56","modified_gmt":"2026-05-08T07:55:56","slug":"hundsport-bruks","status":"publish","type":"page","link":"https:\/\/eksjobk.se\/index.php\/hundsport-bruks\/","title":{"rendered":"Hundsport &#8211; Bruks"},"content":{"rendered":"\n<p>Bruks \u00e4r en av de mest varierade och ursprungliga hundsporterna vi har i Sverige. Sporten bygger p\u00e5 hundens naturliga arbetsf\u00f6rm\u00e5ga och samarbetet mellan hund och f\u00f6rare. H\u00e4r f\u00e5r hunden anv\u00e4nda b\u00e5de nos, kropp, hj\u00e4rna och sj\u00e4lvst\u00e4ndighet \u2013 ofta ute i skog och mark.<\/p>\n\n\n\n<p>Bruks passar hundar som tycker om att arbeta och l\u00f6sa uppgifter, och sporten uppskattas av m\u00e5nga som vill tr\u00e4na funktionellt, utvecklande och tillsammans med sin hund p\u00e5 riktigt.<\/p>\n\n\n\n<p>Bruksprov arrangeras av Svenska Brukshundklubben och best\u00e5r av tv\u00e5 delar:<\/p>\n\n\n\n<ul class=\"wp-block-list\">\n<li>specialmoment<\/li>\n\n\n\n<li>lydnad<\/li>\n<\/ul>\n\n\n\n<p>F\u00f6r att f\u00e5 ett godk\u00e4nt resultat beh\u00f6ver ekipaget prestera inom b\u00e5da delarna.<\/p>\n\n\n\n<figure class=\"wp-block-image size-large\"><img loading=\"lazy\" decoding=\"async\" width=\"1024\" height=\"6\" src=\"http:\/\/eksjobk.se\/wp-content\/uploads\/2023\/03\/image-38-1024x6.png\" alt=\"\" class=\"wp-image-1504\" srcset=\"https:\/\/eksjobk.se\/wp-content\/uploads\/2023\/03\/image-38-1024x6.png 1024w, https:\/\/eksjobk.se\/wp-content\/uploads\/2023\/03\/image-38-300x2.png 300w, https:\/\/eksjobk.se\/wp-content\/uploads\/2023\/03\/image-38-768x5.png 768w, https:\/\/eksjobk.se\/wp-content\/uploads\/2023\/03\/image-38-850x5.png 850w, https:\/\/eksjobk.se\/wp-content\/uploads\/2023\/03\/image-38.png 1449w\" sizes=\"auto, (max-width: 1024px) 100vw, 1024px\" \/><\/figure>\n\n\n\n<h2 class=\"wp-block-heading\">Hur g\u00e5r det till?<\/h2>\n\n\n\n<p>I bruks t\u00e4vlar ekipaget inom olika grenar d\u00e4r hunden f\u00e5r utf\u00f6ra arbetsuppgifter inspirerade av hundarnas ursprungliga anv\u00e4ndningsomr\u00e5den.<\/p>\n\n\n\n<p>De olika grenarna testar bland annat:<\/p>\n\n\n\n<ul class=\"wp-block-list\">\n<li>nosarbete<\/li>\n\n\n\n<li>sj\u00e4lvst\u00e4ndighet<\/li>\n\n\n\n<li>uth\u00e5llighet<\/li>\n\n\n\n<li>samarbete<\/li>\n\n\n\n<li>koncentration<\/li>\n\n\n\n<li>mod och arbetsvilja<\/li>\n<\/ul>\n\n\n\n<p>Ut\u00f6ver specialmomenten ing\u00e5r ocks\u00e5 lydnadsmoment d\u00e4r ekipagets precision och samarbete bed\u00f6ms.<\/p>\n\n\n\n<figure class=\"wp-block-image size-large\"><img loading=\"lazy\" decoding=\"async\" width=\"1024\" height=\"6\" src=\"http:\/\/eksjobk.se\/wp-content\/uploads\/2023\/03\/image-38-1024x6.png\" alt=\"\" class=\"wp-image-1504\" srcset=\"https:\/\/eksjobk.se\/wp-content\/uploads\/2023\/03\/image-38-1024x6.png 1024w, https:\/\/eksjobk.se\/wp-content\/uploads\/2023\/03\/image-38-300x2.png 300w, https:\/\/eksjobk.se\/wp-content\/uploads\/2023\/03\/image-38-768x5.png 768w, https:\/\/eksjobk.se\/wp-content\/uploads\/2023\/03\/image-38-850x5.png 850w, https:\/\/eksjobk.se\/wp-content\/uploads\/2023\/03\/image-38.png 1449w\" sizes=\"auto, (max-width: 1024px) 100vw, 1024px\" \/><\/figure>\n\n\n\n<h2 class=\"wp-block-heading\">Bruksgrenarna<\/h2>\n\n\n\n<p>Det finns flera olika grenar inom bruks d\u00e4r varje gren har sitt eget fokus.<\/p>\n\n\n\n<h3 class=\"wp-block-heading\">Sp\u00e5r<\/h3>\n\n\n\n<p>I sp\u00e5r f\u00f6ljer hunden ett m\u00e4nniskosp\u00e5r ute i skogen.<\/p>\n\n\n\n<p>Hunden arbetar sj\u00e4lvst\u00e4ndigt med nosen f\u00f6r att f\u00f6lja sp\u00e5ret och hitta apporter som ligger utplacerade l\u00e4ngs v\u00e4gen. Sp\u00e5ren blir l\u00e4ngre, \u00e4ldre och sv\u00e5rare i h\u00f6gre klasser.<\/p>\n\n\n\n<p>Sp\u00e5r passar m\u00e5nga hundar eftersom nosarbete ofta \u00e4r v\u00e4ldigt naturligt och stimulerande f\u00f6r hunden.<\/p>\n\n\n\n<figure class=\"wp-block-image size-large\"><img loading=\"lazy\" decoding=\"async\" width=\"1024\" height=\"6\" src=\"http:\/\/eksjobk.se\/wp-content\/uploads\/2023\/03\/image-38-1024x6.png\" alt=\"\" class=\"wp-image-1504\" srcset=\"https:\/\/eksjobk.se\/wp-content\/uploads\/2023\/03\/image-38-1024x6.png 1024w, https:\/\/eksjobk.se\/wp-content\/uploads\/2023\/03\/image-38-300x2.png 300w, https:\/\/eksjobk.se\/wp-content\/uploads\/2023\/03\/image-38-768x5.png 768w, https:\/\/eksjobk.se\/wp-content\/uploads\/2023\/03\/image-38-850x5.png 850w, https:\/\/eksjobk.se\/wp-content\/uploads\/2023\/03\/image-38.png 1449w\" sizes=\"auto, (max-width: 1024px) 100vw, 1024px\" \/><\/figure>\n\n\n\n<h3 class=\"wp-block-heading\">S\u00f6k<\/h3>\n\n\n\n<p>I s\u00f6k arbetar hunden i skog f\u00f6r att hitta g\u00f6mda m\u00e4nniskor.<\/p>\n\n\n\n<p>Hunden s\u00f6ker av omr\u00e5det systematiskt och markerar n\u00e4r den hittar en figurant. Det kr\u00e4ver b\u00e5de sj\u00e4lvst\u00e4ndighet och samarbete med f\u00f6raren.<\/p>\n\n\n\n<p>S\u00f6k \u00e4r fartfyllt, roligt och brukar ge v\u00e4ldigt motiverade hundar.<\/p>\n\n\n\n<figure class=\"wp-block-image size-large\"><img loading=\"lazy\" decoding=\"async\" width=\"1024\" height=\"6\" src=\"http:\/\/eksjobk.se\/wp-content\/uploads\/2023\/03\/image-38-1024x6.png\" alt=\"\" class=\"wp-image-1504\" srcset=\"https:\/\/eksjobk.se\/wp-content\/uploads\/2023\/03\/image-38-1024x6.png 1024w, https:\/\/eksjobk.se\/wp-content\/uploads\/2023\/03\/image-38-300x2.png 300w, https:\/\/eksjobk.se\/wp-content\/uploads\/2023\/03\/image-38-768x5.png 768w, https:\/\/eksjobk.se\/wp-content\/uploads\/2023\/03\/image-38-850x5.png 850w, https:\/\/eksjobk.se\/wp-content\/uploads\/2023\/03\/image-38.png 1449w\" sizes=\"auto, (max-width: 1024px) 100vw, 1024px\" \/><\/figure>\n\n\n\n<h3 class=\"wp-block-heading\">Rapport<\/h3>\n\n\n\n<p>Rapport \u00e4r en av de mest kr\u00e4vande och speciella bruksgrenarna.<\/p>\n\n\n\n<p>H\u00e4r springer hunden mellan tv\u00e5 stationer ute i skogen med meddelanden mellan f\u00f6rarna. Hundarna arbetar \u00f6ver l\u00e5nga avst\u00e5nd och i h\u00f6gt tempo.<\/p>\n\n\n\n<p>Rapport kr\u00e4ver stor sj\u00e4lvst\u00e4ndighet, kondition och arbetslust.<\/p>\n\n\n\n<figure class=\"wp-block-image size-large\"><img loading=\"lazy\" decoding=\"async\" width=\"1024\" height=\"6\" src=\"http:\/\/eksjobk.se\/wp-content\/uploads\/2023\/03\/image-38-1024x6.png\" alt=\"\" class=\"wp-image-1504\" srcset=\"https:\/\/eksjobk.se\/wp-content\/uploads\/2023\/03\/image-38-1024x6.png 1024w, https:\/\/eksjobk.se\/wp-content\/uploads\/2023\/03\/image-38-300x2.png 300w, https:\/\/eksjobk.se\/wp-content\/uploads\/2023\/03\/image-38-768x5.png 768w, https:\/\/eksjobk.se\/wp-content\/uploads\/2023\/03\/image-38-850x5.png 850w, https:\/\/eksjobk.se\/wp-content\/uploads\/2023\/03\/image-38.png 1449w\" sizes=\"auto, (max-width: 1024px) 100vw, 1024px\" \/><\/figure>\n\n\n\n<h3 class=\"wp-block-heading\">Patrull<\/h3>\n\n\n\n<p>I patrull arbetar hunden med att uppt\u00e4cka ljud, personer eller f\u00f6rem\u00e5l l\u00e4ngs en patrulleringsstr\u00e4cka.<\/p>\n\n\n\n<p>Hunden anv\u00e4nder fr\u00e4mst h\u00f6rsel och lukt f\u00f6r att markera olika observationer.<\/p>\n\n\n\n<p>Patrull anv\u00e4nds idag mer s\u00e4llan som t\u00e4vlingsgren men finns fortfarande inom vissa delar av bruksverksamheten.<\/p>\n\n\n\n<figure class=\"wp-block-image size-large\"><img loading=\"lazy\" decoding=\"async\" width=\"1024\" height=\"6\" src=\"http:\/\/eksjobk.se\/wp-content\/uploads\/2023\/03\/image-38-1024x6.png\" alt=\"\" class=\"wp-image-1504\" srcset=\"https:\/\/eksjobk.se\/wp-content\/uploads\/2023\/03\/image-38-1024x6.png 1024w, https:\/\/eksjobk.se\/wp-content\/uploads\/2023\/03\/image-38-300x2.png 300w, https:\/\/eksjobk.se\/wp-content\/uploads\/2023\/03\/image-38-768x5.png 768w, https:\/\/eksjobk.se\/wp-content\/uploads\/2023\/03\/image-38-850x5.png 850w, https:\/\/eksjobk.se\/wp-content\/uploads\/2023\/03\/image-38.png 1449w\" sizes=\"auto, (max-width: 1024px) 100vw, 1024px\" \/><\/figure>\n\n\n\n<h2 class=\"wp-block-heading\">T\u00e4vlingsklasser<\/h2>\n\n\n\n<p>Bruks \u00e4r indelat i flera klasser d\u00e4r sv\u00e5righetsgraden successivt \u00f6kar.<\/p>\n\n\n\n<h3 class=\"wp-block-heading\">Appellklass<\/h3>\n\n\n\n<p>F\u00f6rsta steget inom bruks.<\/p>\n\n\n\n<p>H\u00e4r introduceras ekipaget till t\u00e4vlingsformen och momenten \u00e4r relativt grundl\u00e4ggande. Fokus ligger mycket p\u00e5 samarbete och f\u00f6rst\u00e5else f\u00f6r arbetet.<\/p>\n\n\n\n<figure class=\"wp-block-image size-large\"><img loading=\"lazy\" decoding=\"async\" width=\"1024\" height=\"6\" src=\"http:\/\/eksjobk.se\/wp-content\/uploads\/2023\/03\/image-38-1024x6.png\" alt=\"\" class=\"wp-image-1504\" srcset=\"https:\/\/eksjobk.se\/wp-content\/uploads\/2023\/03\/image-38-1024x6.png 1024w, https:\/\/eksjobk.se\/wp-content\/uploads\/2023\/03\/image-38-300x2.png 300w, https:\/\/eksjobk.se\/wp-content\/uploads\/2023\/03\/image-38-768x5.png 768w, https:\/\/eksjobk.se\/wp-content\/uploads\/2023\/03\/image-38-850x5.png 850w, https:\/\/eksjobk.se\/wp-content\/uploads\/2023\/03\/image-38.png 1449w\" sizes=\"auto, (max-width: 1024px) 100vw, 1024px\" \/><\/figure>\n\n\n\n<h3 class=\"wp-block-heading\">L\u00e4gre klass<\/h3>\n\n\n\n<p>Nu blir specialmomenten l\u00e4ngre och mer tekniskt utmanande.<\/p>\n\n\n\n<p>Hunden beh\u00f6ver arbeta mer sj\u00e4lvst\u00e4ndigt och med st\u00f6rre noggrannhet.<\/p>\n\n\n\n<figure class=\"wp-block-image size-large\"><img loading=\"lazy\" decoding=\"async\" width=\"1024\" height=\"6\" src=\"http:\/\/eksjobk.se\/wp-content\/uploads\/2023\/03\/image-38-1024x6.png\" alt=\"\" class=\"wp-image-1504\" srcset=\"https:\/\/eksjobk.se\/wp-content\/uploads\/2023\/03\/image-38-1024x6.png 1024w, https:\/\/eksjobk.se\/wp-content\/uploads\/2023\/03\/image-38-300x2.png 300w, https:\/\/eksjobk.se\/wp-content\/uploads\/2023\/03\/image-38-768x5.png 768w, https:\/\/eksjobk.se\/wp-content\/uploads\/2023\/03\/image-38-850x5.png 850w, https:\/\/eksjobk.se\/wp-content\/uploads\/2023\/03\/image-38.png 1449w\" sizes=\"auto, (max-width: 1024px) 100vw, 1024px\" \/><\/figure>\n\n\n\n<h3 class=\"wp-block-heading\">H\u00f6gre klass<\/h3>\n\n\n\n<p>H\u00e4r \u00f6kar b\u00e5de precision och uth\u00e5llighetskrav ordentligt.<\/p>\n\n\n\n<p>Momenten blir sv\u00e5rare och ekipaget beh\u00f6ver ha god erfarenhet och stark kommunikation.<\/p>\n\n\n\n<figure class=\"wp-block-image size-large\"><img loading=\"lazy\" decoding=\"async\" width=\"1024\" height=\"6\" src=\"http:\/\/eksjobk.se\/wp-content\/uploads\/2023\/03\/image-38-1024x6.png\" alt=\"\" class=\"wp-image-1504\" srcset=\"https:\/\/eksjobk.se\/wp-content\/uploads\/2023\/03\/image-38-1024x6.png 1024w, https:\/\/eksjobk.se\/wp-content\/uploads\/2023\/03\/image-38-300x2.png 300w, https:\/\/eksjobk.se\/wp-content\/uploads\/2023\/03\/image-38-768x5.png 768w, https:\/\/eksjobk.se\/wp-content\/uploads\/2023\/03\/image-38-850x5.png 850w, https:\/\/eksjobk.se\/wp-content\/uploads\/2023\/03\/image-38.png 1449w\" sizes=\"auto, (max-width: 1024px) 100vw, 1024px\" \/><\/figure>\n\n\n\n<h3 class=\"wp-block-heading\">Elitklass<\/h3>\n\n\n\n<p>Det h\u00e4r \u00e4r den h\u00f6gsta niv\u00e5n inom bruks.<\/p>\n\n\n\n<p>H\u00e4r kr\u00e4vs v\u00e4lutvecklade f\u00e4rdigheter, h\u00f6g arbetskapacitet och ett starkt teamwork mellan hund och f\u00f6rare.<\/p>\n\n\n\n<p>Elitklass \u00e4r imponerande att se och visar verkligen hundens arbetsf\u00f6rm\u00e5ga.<\/p>\n\n\n\n<figure class=\"wp-block-image size-large\"><img loading=\"lazy\" decoding=\"async\" width=\"1024\" height=\"6\" src=\"http:\/\/eksjobk.se\/wp-content\/uploads\/2023\/03\/image-38-1024x6.png\" alt=\"\" class=\"wp-image-1504\" srcset=\"https:\/\/eksjobk.se\/wp-content\/uploads\/2023\/03\/image-38-1024x6.png 1024w, https:\/\/eksjobk.se\/wp-content\/uploads\/2023\/03\/image-38-300x2.png 300w, https:\/\/eksjobk.se\/wp-content\/uploads\/2023\/03\/image-38-768x5.png 768w, https:\/\/eksjobk.se\/wp-content\/uploads\/2023\/03\/image-38-850x5.png 850w, https:\/\/eksjobk.se\/wp-content\/uploads\/2023\/03\/image-38.png 1449w\" sizes=\"auto, (max-width: 1024px) 100vw, 1024px\" \/><\/figure>\n\n\n\n<h2 class=\"wp-block-heading\">Lydnadsdelen inom bruks<\/h2>\n\n\n\n<p>F\u00f6rutom specialmomenten ing\u00e5r ocks\u00e5 lydnadsmoment i alla klasser.<\/p>\n\n\n\n<p>Exempel p\u00e5 lydnadsmoment:<\/p>\n\n\n\n<ul class=\"wp-block-list\">\n<li>fotg\u00e5ende<\/li>\n\n\n\n<li>inkallning<\/li>\n\n\n\n<li>apportering<\/li>\n\n\n\n<li>fram\u00e5ts\u00e4ndande<\/li>\n\n\n\n<li>kryp<\/li>\n\n\n\n<li>hopp<\/li>\n<\/ul>\n\n\n\n<p>Lydnaden inom bruks skiljer sig n\u00e5got fr\u00e5n t\u00e4vlingslydnad och har st\u00f6rre fokus p\u00e5 funktion och arbetsgl\u00e4dje.<\/p>\n","protected":false},"excerpt":{"rendered":"<p>Bruks \u00e4r en av de mest varierade och ursprungliga hundsporterna vi har i Sverige. Sporten bygger p\u00e5 hundens naturliga arbetsf\u00f6rm\u00e5ga och samarbetet mellan hund och f\u00f6rare. H\u00e4r f\u00e5r hunden anv\u00e4nda b\u00e5de nos, kropp, hj\u00e4rna och sj\u00e4lvst\u00e4ndighet \u2013 ofta ute i skog och mark. Bruks passar hundar som tycker om att arbeta och l\u00f6sa uppgifter, och&#8230;<\/p>\n","protected":false},"author":1,"featured_media":0,"parent":0,"menu_order":0,"comment_status":"closed","ping_status":"closed","template":"","meta":{"footnotes":""},"class_list":["post-3321","page","type-page","status-publish","hentry"],"_links":{"self":[{"href":"https:\/\/eksjobk.se\/index.php\/wp-json\/wp\/v2\/pages\/3321","targetHints":{"allow":["GET"]}}],"collection":[{"href":"https:\/\/eksjobk.se\/index.php\/wp-json\/wp\/v2\/pages"}],"about":[{"href":"https:\/\/eksjobk.se\/index.php\/wp-json\/wp\/v2\/types\/page"}],"author":[{"embeddable":true,"href":"https:\/\/eksjobk.se\/index.php\/wp-json\/wp\/v2\/users\/1"}],"replies":[{"embeddable":true,"href":"https:\/\/eksjobk.se\/index.php\/wp-json\/wp\/v2\/comments?post=3321"}],"version-history":[{"count":2,"href":"https:\/\/eksjobk.se\/index.php\/wp-json\/wp\/v2\/pages\/3321\/revisions"}],"predecessor-version":[{"id":3328,"href":"https:\/\/eksjobk.se\/index.php\/wp-json\/wp\/v2\/pages\/3321\/revisions\/3328"}],"wp:attachment":[{"href":"https:\/\/eksjobk.se\/index.php\/wp-json\/wp\/v2\/media?parent=3321"}],"curies":[{"name":"wp","href":"https:\/\/api.w.org\/{rel}","templated":true}]}}