{"id":3259,"date":"2026-05-06T09:31:57","date_gmt":"2026-05-06T09:31:57","guid":{"rendered":"https:\/\/eksjobk.se\/?page_id=3259"},"modified":"2026-05-06T09:42:17","modified_gmt":"2026-05-06T09:42:17","slug":"hjalpa-till-pa-klubben","status":"publish","type":"page","link":"https:\/\/eksjobk.se\/index.php\/hjalpa-till-pa-klubben\/","title":{"rendered":"Hj\u00e4lpa till p\u00e5 klubben"},"content":{"rendered":"\n<h2 class=\"wp-block-heading\">Vill du bidra till gemenskapen p\u00e5 klubben?<\/h2>\n\n\n\n<p>Eksj\u00f6 Brukshundklubb drivs av ideella krafter, och det \u00e4r tillsammans vi skapar den fantastiska milj\u00f6 vi har f\u00f6r v\u00e5ra fyrbenta v\u00e4nner. Vi letar alltid efter fler h\u00e4nder som vill hj\u00e4lpa till \u2013 lite eller mycket spelar ingen roll!<\/p>\n\n\n\n<h3 class=\"wp-block-heading\">Funktion\u00e4r<\/h3>\n\n\n\n<p>Vill du hj\u00e4lpa till under en t\u00e4vling? Bli funktion\u00e4r!<\/p>\n\n\n\n<p>Funktion\u00e4rsuppgifter kan vara&nbsp;<a href=\"http:\/\/eksjobk.se\/wp-content\/uploads\/2025\/12\/Funktionarer-EBK.pdf\">f\u00f6ljande<\/a>.<\/p>\n\n\n\n<p><a href=\"http:\/\/eksjobk.se\/wp-content\/uploads\/2025\/12\/Funktionar-Rally.pdf\">Info funktion\u00e4r f\u00f6r rallylydnad<\/a><\/p>\n\n\n\n<figure class=\"wp-block-image size-large\"><img loading=\"lazy\" decoding=\"async\" width=\"1024\" height=\"6\" src=\"http:\/\/eksjobk.se\/wp-content\/uploads\/2023\/03\/image-23-1024x6.png\" alt=\"\" class=\"wp-image-1458\" srcset=\"https:\/\/eksjobk.se\/wp-content\/uploads\/2023\/03\/image-23-1024x6.png 1024w, https:\/\/eksjobk.se\/wp-content\/uploads\/2023\/03\/image-23-300x2.png 300w, https:\/\/eksjobk.se\/wp-content\/uploads\/2023\/03\/image-23-768x5.png 768w, https:\/\/eksjobk.se\/wp-content\/uploads\/2023\/03\/image-23-850x5.png 850w, https:\/\/eksjobk.se\/wp-content\/uploads\/2023\/03\/image-23.png 1449w\" sizes=\"auto, (max-width: 1024px) 100vw, 1024px\" \/><\/figure>\n\n\n\n<h3 class=\"wp-block-heading\">Medhj\u00e4lpare p\u00e5 kurs<\/h3>\n\n\n\n<p>Text om detta \u00e4r p\u00e5 g\u00e5ng!<\/p>\n\n\n\n<figure class=\"wp-block-image size-large\"><img loading=\"lazy\" decoding=\"async\" width=\"1024\" height=\"6\" src=\"http:\/\/eksjobk.se\/wp-content\/uploads\/2023\/03\/image-24-1024x6.png\" alt=\"\" class=\"wp-image-1459\" srcset=\"https:\/\/eksjobk.se\/wp-content\/uploads\/2023\/03\/image-24-1024x6.png 1024w, https:\/\/eksjobk.se\/wp-content\/uploads\/2023\/03\/image-24-300x2.png 300w, https:\/\/eksjobk.se\/wp-content\/uploads\/2023\/03\/image-24-768x5.png 768w, https:\/\/eksjobk.se\/wp-content\/uploads\/2023\/03\/image-24-850x5.png 850w, https:\/\/eksjobk.se\/wp-content\/uploads\/2023\/03\/image-24.png 1449w\" sizes=\"auto, (max-width: 1024px) 100vw, 1024px\" \/><\/figure>\n\n\n\n<h3 class=\"wp-block-heading\">Nattvandring<\/h3>\n\n\n\n<p style=\"font-size:16px\">St\u00f6tta Eksj\u00f6 Brukshundklubb som nattvandrare! Vi l\u00e4gger ut f\u00f6rfr\u00e5gningar via sociala medier. S\u00e5 svara p\u00e5 dom inl\u00e4ggen eller skriv till info@eksjobk.se n\u00e4r du kan t\u00e4nka dig att st\u00e4lla upp!<\/p>\n\n\n\n<div data-wp-context=\"{ &quot;autoclose&quot;: false, &quot;accordionItems&quot;: [] }\" data-wp-interactive=\"core\/accordion\" role=\"group\" class=\"wp-block-accordion is-layout-flow wp-block-accordion-is-layout-flow\">\n<div data-wp-class--is-open=\"state.isOpen\" data-wp-context=\"{ &quot;id&quot;: &quot;accordion-item-1&quot;, &quot;openByDefault&quot;: false }\" data-wp-init=\"callbacks.initAccordionItems\" data-wp-on-window--hashchange=\"callbacks.hashChange\" class=\"wp-block-accordion-item is-layout-flow wp-block-accordion-item-is-layout-flow\">\n<h3 class=\"wp-block-accordion-heading\"><button aria-expanded=\"false\" aria-controls=\"accordion-item-1-panel\" data-wp-bind--aria-expanded=\"state.isOpen\" data-wp-on--click=\"actions.toggle\" data-wp-on--keydown=\"actions.handleKeyDown\" id=\"accordion-item-1\" type=\"button\" class=\"wp-block-accordion-heading__toggle\"><span class=\"wp-block-accordion-heading__toggle-title\">Hur fungerar nattvandring?<\/span><span class=\"wp-block-accordion-heading__toggle-icon\" aria-hidden=\"true\">+<\/span><\/button><\/h3>\n\n\n\n<div inert aria-labelledby=\"accordion-item-1\" data-wp-bind--inert=\"!state.isOpen\" id=\"accordion-item-1-panel\" role=\"region\" class=\"wp-block-accordion-panel is-layout-flow wp-block-accordion-panel-is-layout-flow\">\n<p>Nattvandringarna sker under olika kv\u00e4llar, som f\u00f6reningen som anm\u00e4ler f\u00e5r information om d\u00e5, med minst fyra f\u00f6reningsaktiva, l\u00e4gst 24 \u00e5r, vid varje pass mellan klockan 19.00\u201302.00.<br>De f\u00f6reningsaktiva ska vistas runt om i aktuell ort och finnas som en trygghet f\u00f6r v\u00e5ra ungdomar.<\/p>\n\n\n\n<ul class=\"wp-block-list\">\n<li>Avtal om deltagande kommer att skrivas med f\u00f6rening och ers\u00e4ttning f\u00f6r genomf\u00f6rd kv\u00e4ll utg\u00e5r med 3 000 kronor.<\/li>\n\n\n\n<li>Som f\u00f6rening s\u00e4kerst\u00e4ller ni att de som ska vandra har aktuellt utdrag ur belastningsregistret.<\/li>\n\n\n\n<li>Kommunen tillhandah\u00e5ller n\u00f6dv\u00e4ndig utrustning s\u00e5som reflexv\u00e4star som anger att man \u00e4r nattvandrare.<\/li>\n\n\n\n<li>Du som nattvandrar anv\u00e4nder din egen mobiltelefon och bil.<\/li>\n\n\n\n<li>Man utg\u00e5r fr\u00e5n M\u00f6tesplats ung, Karhulav\u00e4gen 1 B, Storeg\u00e5rdsomr\u00e5det.<\/li>\n\n\n\n<li><\/li>\n<\/ul>\n\n\n\n<p><strong>Dessa dagar \u00f6nskar vi f\u00f6reningar f\u00f6r nattvandring 2026<\/strong>:<\/p>\n\n\n\n<ul class=\"wp-block-list\">\n<li>10\/6<\/li>\n\n\n\n<li>11\/6<\/li>\n\n\n\n<li>19\/6<\/li>\n\n\n\n<li>10 eller 11\/7<\/li>\n\n\n\n<li>31\/7 eller 1\/8<\/li>\n\n\n\n<li>25 eller 26\/9<\/li>\n\n\n\n<li>30\/10<\/li>\n<\/ul>\n\n\n\n<p>De tillf\u00e4llen d\u00e4r det st\u00e5r tv\u00e5 datum p\u00e5 samma rad har en f\u00f6rening m\u00f6jlighet att v\u00e4lja vilken av dagarna man vill g\u00e5 den aktuella veckan.<\/p>\n<\/div>\n<\/div>\n<\/div>\n\n\n\n<figure class=\"wp-block-image size-large\"><img loading=\"lazy\" decoding=\"async\" width=\"1024\" height=\"6\" src=\"http:\/\/eksjobk.se\/wp-content\/uploads\/2023\/03\/image-22-1024x6.png\" alt=\"\" class=\"wp-image-1457\" srcset=\"https:\/\/eksjobk.se\/wp-content\/uploads\/2023\/03\/image-22-1024x6.png 1024w, https:\/\/eksjobk.se\/wp-content\/uploads\/2023\/03\/image-22-300x2.png 300w, https:\/\/eksjobk.se\/wp-content\/uploads\/2023\/03\/image-22-768x5.png 768w, https:\/\/eksjobk.se\/wp-content\/uploads\/2023\/03\/image-22-850x5.png 850w, https:\/\/eksjobk.se\/wp-content\/uploads\/2023\/03\/image-22.png 1449w\" sizes=\"auto, (max-width: 1024px) 100vw, 1024px\" \/><\/figure>\n","protected":false},"excerpt":{"rendered":"<p>Vill du bidra till gemenskapen p\u00e5 klubben? Eksj\u00f6 Brukshundklubb drivs av ideella krafter, och det \u00e4r tillsammans vi skapar den fantastiska milj\u00f6 vi har f\u00f6r v\u00e5ra fyrbenta v\u00e4nner. Vi letar alltid efter fler h\u00e4nder som vill hj\u00e4lpa till \u2013 lite eller mycket spelar ingen roll! Funktion\u00e4r Vill du hj\u00e4lpa till under en t\u00e4vling? Bli funktion\u00e4r!&#8230;<\/p>\n","protected":false},"author":1,"featured_media":0,"parent":0,"menu_order":0,"comment_status":"closed","ping_status":"closed","template":"","meta":{"footnotes":""},"class_list":["post-3259","page","type-page","status-publish","hentry"],"_links":{"self":[{"href":"https:\/\/eksjobk.se\/index.php\/wp-json\/wp\/v2\/pages\/3259","targetHints":{"allow":["GET"]}}],"collection":[{"href":"https:\/\/eksjobk.se\/index.php\/wp-json\/wp\/v2\/pages"}],"about":[{"href":"https:\/\/eksjobk.se\/index.php\/wp-json\/wp\/v2\/types\/page"}],"author":[{"embeddable":true,"href":"https:\/\/eksjobk.se\/index.php\/wp-json\/wp\/v2\/users\/1"}],"replies":[{"embeddable":true,"href":"https:\/\/eksjobk.se\/index.php\/wp-json\/wp\/v2\/comments?post=3259"}],"version-history":[{"count":6,"href":"https:\/\/eksjobk.se\/index.php\/wp-json\/wp\/v2\/pages\/3259\/revisions"}],"predecessor-version":[{"id":3279,"href":"https:\/\/eksjobk.se\/index.php\/wp-json\/wp\/v2\/pages\/3259\/revisions\/3279"}],"wp:attachment":[{"href":"https:\/\/eksjobk.se\/index.php\/wp-json\/wp\/v2\/media?parent=3259"}],"curies":[{"name":"wp","href":"https:\/\/api.w.org\/{rel}","templated":true}]}}